{"id":32,"date":"2023-06-13T14:09:35","date_gmt":"2023-06-13T17:09:35","guid":{"rendered":"https:\/\/escoladedireitocoletivo.com\/cursosonline\/index.php\/product\/lei-geral-de-protecao-de-dados\/"},"modified":"2024-10-24T08:29:54","modified_gmt":"2024-10-24T11:29:54","slug":"lei-geral-de-protecao-de-dados","status":"publish","type":"product","link":"https:\/\/escoladedireitocoletivo.com\/cursosonline\/index.php\/product\/lei-geral-de-protecao-de-dados\/","title":{"rendered":"Lei Geral de Prote\u00e7\u00e3o de Dados"},"content":{"rendered":"<p dir=\"ltr\" style=\"text-align: left;\">Diante da necessidade de as empresas e os organismos estatais terem que desenvolver pol\u00edticas internas de prote\u00e7\u00e3o de dados, o curso Lei Geral de Prote\u00e7\u00e3o de Dados busca capacitar estudantes, advogados e profissionais de \u00e1reas afins para que possam lidar com as novas circunst\u00e2ncias impostas pela Lei 13.709\/18.<\/p>\n","protected":false},"excerpt":{"rendered":"<p>Diante da necessidade de as empresas e os organismos estatais terem que desenvolver pol\u00edticas internas de prote\u00e7\u00e3o de dados, o curso Lei Geral de Prote\u00e7\u00e3o de Dados busca capacitar estudantes, advogados e profissionais de \u00e1reas afins para que possam lidar com as novas circunst\u00e2ncias impostas pela Lei 13.709\/18.<\/p>\n","protected":false},"featured_media":43,"template":"","meta":[],"product_brand":[],"product_cat":[19],"product_tag":[32,23,29,28,30],"class_list":{"0":"post-32","1":"product","2":"type-product","3":"status-publish","4":"has-post-thumbnail","6":"product_cat-cursos-livres-1","7":"product_tag-direito-do-consumidor","8":"product_tag-edc","9":"product_tag-lei","10":"product_tag-lgpd","11":"product_tag-protecao-de-dados","13":"first","14":"instock","15":"virtual","16":"sold-individually","17":"purchasable","18":"product-type-simple"},"jetpack_sharing_enabled":true,"_links":{"self":[{"href":"https:\/\/escoladedireitocoletivo.com\/cursosonline\/index.php\/wp-json\/wp\/v2\/product\/32","targetHints":{"allow":["GET"]}}],"collection":[{"href":"https:\/\/escoladedireitocoletivo.com\/cursosonline\/index.php\/wp-json\/wp\/v2\/product"}],"about":[{"href":"https:\/\/escoladedireitocoletivo.com\/cursosonline\/index.php\/wp-json\/wp\/v2\/types\/product"}],"wp:featuredmedia":[{"embeddable":true,"href":"https:\/\/escoladedireitocoletivo.com\/cursosonline\/index.php\/wp-json\/wp\/v2\/media\/43"}],"wp:attachment":[{"href":"https:\/\/escoladedireitocoletivo.com\/cursosonline\/index.php\/wp-json\/wp\/v2\/media?parent=32"}],"wp:term":[{"taxonomy":"product_brand","embeddable":true,"href":"https:\/\/escoladedireitocoletivo.com\/cursosonline\/index.php\/wp-json\/wp\/v2\/product_brand?post=32"},{"taxonomy":"product_cat","embeddable":true,"href":"https:\/\/escoladedireitocoletivo.com\/cursosonline\/index.php\/wp-json\/wp\/v2\/product_cat?post=32"},{"taxonomy":"product_tag","embeddable":true,"href":"https:\/\/escoladedireitocoletivo.com\/cursosonline\/index.php\/wp-json\/wp\/v2\/product_tag?post=32"}],"curies":[{"name":"wp","href":"https:\/\/api.w.org\/{rel}","templated":true}]}}